{"id":2248,"date":"2024-05-01T21:41:49","date_gmt":"2024-05-01T19:41:49","guid":{"rendered":"https:\/\/lionbags.pl\/produkt\/bass-trombone-case-in-black-with-cordura-case-technology\/"},"modified":"2024-05-01T22:00:12","modified_gmt":"2024-05-01T20:00:12","slug":"bass-trombone-case-in-black-with-cordura-case-technology","status":"publish","type":"product","link":"https:\/\/lionbags.pl\/en\/produkt\/bass-trombone-case-in-black-with-cordura-case-technology\/","title":{"rendered":"Bass Trombone case in black with Cordura case technology"},"content":{"rendered":"","protected":false},"excerpt":{"rendered":"","protected":false},"featured_media":2260,"template":"","meta":{"_uag_custom_page_level_css":"","_monsterinsights_skip_tracking":false,"_monsterinsights_sitenote_active":false,"_monsterinsights_sitenote_note":"","_monsterinsights_sitenote_category":0,"site-sidebar-layout":"default","site-content-layout":"","ast-site-content-layout":"default","site-content-style":"default","site-sidebar-style":"default","ast-global-header-display":"","ast-banner-title-visibility":"","ast-main-header-display":"","ast-hfb-above-header-display":"","ast-hfb-below-header-display":"","ast-hfb-mobile-header-display":"","site-post-title":"","ast-breadcrumbs-content":"","ast-featured-img":"","footer-sml-layout":"","ast-disable-related-posts":"","theme-transparent-header-meta":"default","adv-header-id-meta":"","stick-header-meta":"default","header-above-stick-meta":"","header-main-stick-meta":"","header-below-stick-meta":"","astra-migrate-meta-layouts":"default","ast-page-background-enabled":"default","ast-page-background-meta":{"desktop":{"background-color":"","background-image":"","background-repeat":"repeat","background-position":"center center","background-size":"auto","background-attachment":"scroll","background-type":"","background-media":"","overlay-type":"","overlay-color":"","overlay-opacity":"","overlay-gradient":""},"tablet":{"background-color":"","background-image":"","background-repeat":"repeat","background-position":"center center","background-size":"auto","background-attachment":"scroll","background-type":"","background-media":"","overlay-type":"","overlay-color":"","overlay-opacity":"","overlay-gradient":""},"mobile":{"background-color":"","background-image":"","background-repeat":"repeat","background-position":"center center","background-size":"auto","background-attachment":"scroll","background-type":"","background-media":"","overlay-type":"","overlay-color":"","overlay-opacity":"","overlay-gradient":""}},"ast-content-background-meta":{"desktop":{"background-color":"var(--ast-global-color-5)","background-image":"","background-repeat":"repeat","background-position":"center center","background-size":"auto","background-attachment":"scroll","background-type":"","background-media":"","overlay-type":"","overlay-color":"","overlay-opacity":"","overlay-gradient":""},"tablet":{"background-color":"var(--ast-global-color-5)","background-image":"","background-repeat":"repeat","background-position":"center center","background-size":"auto","background-attachment":"scroll","background-type":"","background-media":"","overlay-type":"","overlay-color":"","overlay-opacity":"","overlay-gradient":""},"mobile":{"background-color":"var(--ast-global-color-5)","background-image":"","background-repeat":"repeat","background-position":"center center","background-size":"auto","background-attachment":"scroll","background-type":"","background-media":"","overlay-type":"","overlay-color":"","overlay-opacity":"","overlay-gradient":""}}},"product_brand":[],"product_cat":[57],"product_tag":[80,79],"class_list":{"0":"post-2248","1":"product","2":"type-product","3":"status-publish","4":"has-post-thumbnail","6":"product_cat-case-codura-en","7":"product_tag-bass","8":"product_tag-trombone","9":"desktop-align-left","10":"tablet-align-left","11":"mobile-align-left","12":"ast-product-gallery-layout-horizontal-slider","13":"ast-product-tabs-layout-distributed","15":"first","16":"instock","17":"shipping-taxable","18":"product-type-simple"},"yoast_head":"<!-- This site is optimized with the Yoast SEO plugin v27.6 - https:\/\/yoast.com\/product\/yoast-seo-wordpress\/ -->\n<title>Bass Trombone case in black with Cordura case technology - LION BAGS - futera\u0142y na instrumenty<\/title>\n<meta name=\"robots\" content=\"index, follow, max-snippet:-1, max-image-preview:large, max-video-preview:-1\" \/>\n<link rel=\"canonical\" href=\"https:\/\/lionbags.pl\/en\/produkt\/bass-trombone-case-in-black-with-cordura-case-technology\/\" \/>\n<meta property=\"og:locale\" content=\"en_US\" \/>\n<meta property=\"og:type\" content=\"article\" \/>\n<meta property=\"og:title\" content=\"Bass Trombone case in black with Cordura case technology - LION BAGS - futera\u0142y na instrumenty\" \/>\n<meta property=\"og:url\" content=\"https:\/\/lionbags.pl\/en\/produkt\/bass-trombone-case-in-black-with-cordura-case-technology\/\" \/>\n<meta property=\"og:site_name\" content=\"LION BAGS - futera\u0142y na instrumenty\" \/>\n<meta property=\"article:publisher\" content=\"https:\/\/www.facebook.com\/profile.php?id=100067482097088\" \/>\n<meta property=\"article:modified_time\" content=\"2024-05-01T20:00:12+00:00\" \/>\n<meta property=\"og:image\" content=\"https:\/\/lionbags.pl\/wp-content\/uploads\/2024\/05\/tn_case-Bassposaune-Cordura-schwarz_3.jpg\" \/>\n\t<meta property=\"og:image:width\" content=\"400\" \/>\n\t<meta property=\"og:image:height\" content=\"277\" \/>\n\t<meta property=\"og:image:type\" content=\"image\/jpeg\" \/>\n<meta name=\"twitter:card\" content=\"summary_large_image\" \/>\n<script type=\"application\/ld+json\" class=\"yoast-schema-graph\">{\"@context\":\"https:\\\/\\\/schema.org\",\"@graph\":[{\"@type\":\"WebPage\",\"@id\":\"https:\\\/\\\/lionbags.pl\\\/en\\\/produkt\\\/bass-trombone-case-in-black-with-cordura-case-technology\\\/\",\"url\":\"https:\\\/\\\/lionbags.pl\\\/en\\\/produkt\\\/bass-trombone-case-in-black-with-cordura-case-technology\\\/\",\"name\":\"Bass Trombone case in black with Cordura case technology - LION BAGS - futera\u0142y na instrumenty\",\"isPartOf\":{\"@id\":\"https:\\\/\\\/lionbags.pl\\\/en\\\/#website\"},\"primaryImageOfPage\":{\"@id\":\"https:\\\/\\\/lionbags.pl\\\/en\\\/produkt\\\/bass-trombone-case-in-black-with-cordura-case-technology\\\/#primaryimage\"},\"image\":{\"@id\":\"https:\\\/\\\/lionbags.pl\\\/en\\\/produkt\\\/bass-trombone-case-in-black-with-cordura-case-technology\\\/#primaryimage\"},\"thumbnailUrl\":\"https:\\\/\\\/lionbags.pl\\\/wp-content\\\/uploads\\\/2024\\\/05\\\/tn_case-Bassposaune-Cordura-schwarz_3.jpg\",\"datePublished\":\"2024-05-01T19:41:49+00:00\",\"dateModified\":\"2024-05-01T20:00:12+00:00\",\"breadcrumb\":{\"@id\":\"https:\\\/\\\/lionbags.pl\\\/en\\\/produkt\\\/bass-trombone-case-in-black-with-cordura-case-technology\\\/#breadcrumb\"},\"inLanguage\":\"en-US\",\"potentialAction\":[{\"@type\":\"ReadAction\",\"target\":[\"https:\\\/\\\/lionbags.pl\\\/en\\\/produkt\\\/bass-trombone-case-in-black-with-cordura-case-technology\\\/\"]}]},{\"@type\":\"ImageObject\",\"inLanguage\":\"en-US\",\"@id\":\"https:\\\/\\\/lionbags.pl\\\/en\\\/produkt\\\/bass-trombone-case-in-black-with-cordura-case-technology\\\/#primaryimage\",\"url\":\"https:\\\/\\\/lionbags.pl\\\/wp-content\\\/uploads\\\/2024\\\/05\\\/tn_case-Bassposaune-Cordura-schwarz_3.jpg\",\"contentUrl\":\"https:\\\/\\\/lionbags.pl\\\/wp-content\\\/uploads\\\/2024\\\/05\\\/tn_case-Bassposaune-Cordura-schwarz_3.jpg\",\"width\":400,\"height\":277},{\"@type\":\"BreadcrumbList\",\"@id\":\"https:\\\/\\\/lionbags.pl\\\/en\\\/produkt\\\/bass-trombone-case-in-black-with-cordura-case-technology\\\/#breadcrumb\",\"itemListElement\":[{\"@type\":\"ListItem\",\"position\":1,\"name\":\"Strona g\u0142\u00f3wna\",\"item\":\"https:\\\/\\\/lionbags.pl\\\/en\\\/\"},{\"@type\":\"ListItem\",\"position\":2,\"name\":\"Sklep\",\"item\":\"https:\\\/\\\/lionbags.pl\\\/sklep\\\/\"},{\"@type\":\"ListItem\",\"position\":3,\"name\":\"Bass Trombone case in black with Cordura case technology\"}]},{\"@type\":\"WebSite\",\"@id\":\"https:\\\/\\\/lionbags.pl\\\/en\\\/#website\",\"url\":\"https:\\\/\\\/lionbags.pl\\\/en\\\/\",\"name\":\"LION BAGS - futera\u0142y na instrumenty\",\"description\":\"Producent futera\u0142\u00f3w na instrumenty d\u0119te\",\"publisher\":{\"@id\":\"https:\\\/\\\/lionbags.pl\\\/en\\\/#organization\"},\"potentialAction\":[{\"@type\":\"SearchAction\",\"target\":{\"@type\":\"EntryPoint\",\"urlTemplate\":\"https:\\\/\\\/lionbags.pl\\\/en\\\/?s={search_term_string}\"},\"query-input\":{\"@type\":\"PropertyValueSpecification\",\"valueRequired\":true,\"valueName\":\"search_term_string\"}}],\"inLanguage\":\"en-US\"},{\"@type\":\"Organization\",\"@id\":\"https:\\\/\\\/lionbags.pl\\\/en\\\/#organization\",\"name\":\"LION BAGS - futera\u0142y na instrumenty\",\"url\":\"https:\\\/\\\/lionbags.pl\\\/en\\\/\",\"logo\":{\"@type\":\"ImageObject\",\"inLanguage\":\"en-US\",\"@id\":\"https:\\\/\\\/lionbags.pl\\\/en\\\/#\\\/schema\\\/logo\\\/image\\\/\",\"url\":\"https:\\\/\\\/lionbags.pl\\\/wp-content\\\/uploads\\\/2023\\\/02\\\/LION-Bags-futeraly.jpg\",\"contentUrl\":\"https:\\\/\\\/lionbags.pl\\\/wp-content\\\/uploads\\\/2023\\\/02\\\/LION-Bags-futeraly.jpg\",\"width\":494,\"height\":132,\"caption\":\"LION BAGS - futera\u0142y na instrumenty\"},\"image\":{\"@id\":\"https:\\\/\\\/lionbags.pl\\\/en\\\/#\\\/schema\\\/logo\\\/image\\\/\"},\"sameAs\":[\"https:\\\/\\\/www.facebook.com\\\/profile.php?id=100067482097088\"]}]}<\/script>\n<!-- \/ Yoast SEO plugin. -->","yoast_head_json":{"title":"Bass Trombone case in black with Cordura case technology - LION BAGS - futera\u0142y na instrumenty","robots":{"index":"index","follow":"follow","max-snippet":"max-snippet:-1","max-image-preview":"max-image-preview:large","max-video-preview":"max-video-preview:-1"},"canonical":"https:\/\/lionbags.pl\/en\/produkt\/bass-trombone-case-in-black-with-cordura-case-technology\/","og_locale":"en_US","og_type":"article","og_title":"Bass Trombone case in black with Cordura case technology - LION BAGS - futera\u0142y na instrumenty","og_url":"https:\/\/lionbags.pl\/en\/produkt\/bass-trombone-case-in-black-with-cordura-case-technology\/","og_site_name":"LION BAGS - futera\u0142y na instrumenty","article_publisher":"https:\/\/www.facebook.com\/profile.php?id=100067482097088","article_modified_time":"2024-05-01T20:00:12+00:00","og_image":[{"width":400,"height":277,"url":"https:\/\/lionbags.pl\/wp-content\/uploads\/2024\/05\/tn_case-Bassposaune-Cordura-schwarz_3.jpg","type":"image\/jpeg"}],"twitter_card":"summary_large_image","schema":{"@context":"https:\/\/schema.org","@graph":[{"@type":"WebPage","@id":"https:\/\/lionbags.pl\/en\/produkt\/bass-trombone-case-in-black-with-cordura-case-technology\/","url":"https:\/\/lionbags.pl\/en\/produkt\/bass-trombone-case-in-black-with-cordura-case-technology\/","name":"Bass Trombone case in black with Cordura case technology - LION BAGS - futera\u0142y na instrumenty","isPartOf":{"@id":"https:\/\/lionbags.pl\/en\/#website"},"primaryImageOfPage":{"@id":"https:\/\/lionbags.pl\/en\/produkt\/bass-trombone-case-in-black-with-cordura-case-technology\/#primaryimage"},"image":{"@id":"https:\/\/lionbags.pl\/en\/produkt\/bass-trombone-case-in-black-with-cordura-case-technology\/#primaryimage"},"thumbnailUrl":"https:\/\/lionbags.pl\/wp-content\/uploads\/2024\/05\/tn_case-Bassposaune-Cordura-schwarz_3.jpg","datePublished":"2024-05-01T19:41:49+00:00","dateModified":"2024-05-01T20:00:12+00:00","breadcrumb":{"@id":"https:\/\/lionbags.pl\/en\/produkt\/bass-trombone-case-in-black-with-cordura-case-technology\/#breadcrumb"},"inLanguage":"en-US","potentialAction":[{"@type":"ReadAction","target":["https:\/\/lionbags.pl\/en\/produkt\/bass-trombone-case-in-black-with-cordura-case-technology\/"]}]},{"@type":"ImageObject","inLanguage":"en-US","@id":"https:\/\/lionbags.pl\/en\/produkt\/bass-trombone-case-in-black-with-cordura-case-technology\/#primaryimage","url":"https:\/\/lionbags.pl\/wp-content\/uploads\/2024\/05\/tn_case-Bassposaune-Cordura-schwarz_3.jpg","contentUrl":"https:\/\/lionbags.pl\/wp-content\/uploads\/2024\/05\/tn_case-Bassposaune-Cordura-schwarz_3.jpg","width":400,"height":277},{"@type":"BreadcrumbList","@id":"https:\/\/lionbags.pl\/en\/produkt\/bass-trombone-case-in-black-with-cordura-case-technology\/#breadcrumb","itemListElement":[{"@type":"ListItem","position":1,"name":"Strona g\u0142\u00f3wna","item":"https:\/\/lionbags.pl\/en\/"},{"@type":"ListItem","position":2,"name":"Sklep","item":"https:\/\/lionbags.pl\/sklep\/"},{"@type":"ListItem","position":3,"name":"Bass Trombone case in black with Cordura case technology"}]},{"@type":"WebSite","@id":"https:\/\/lionbags.pl\/en\/#website","url":"https:\/\/lionbags.pl\/en\/","name":"LION BAGS - futera\u0142y na instrumenty","description":"Producent futera\u0142\u00f3w na instrumenty d\u0119te","publisher":{"@id":"https:\/\/lionbags.pl\/en\/#organization"},"potentialAction":[{"@type":"SearchAction","target":{"@type":"EntryPoint","urlTemplate":"https:\/\/lionbags.pl\/en\/?s={search_term_string}"},"query-input":{"@type":"PropertyValueSpecification","valueRequired":true,"valueName":"search_term_string"}}],"inLanguage":"en-US"},{"@type":"Organization","@id":"https:\/\/lionbags.pl\/en\/#organization","name":"LION BAGS - futera\u0142y na instrumenty","url":"https:\/\/lionbags.pl\/en\/","logo":{"@type":"ImageObject","inLanguage":"en-US","@id":"https:\/\/lionbags.pl\/en\/#\/schema\/logo\/image\/","url":"https:\/\/lionbags.pl\/wp-content\/uploads\/2023\/02\/LION-Bags-futeraly.jpg","contentUrl":"https:\/\/lionbags.pl\/wp-content\/uploads\/2023\/02\/LION-Bags-futeraly.jpg","width":494,"height":132,"caption":"LION BAGS - futera\u0142y na instrumenty"},"image":{"@id":"https:\/\/lionbags.pl\/en\/#\/schema\/logo\/image\/"},"sameAs":["https:\/\/www.facebook.com\/profile.php?id=100067482097088"]}]}},"uagb_featured_image_src":{"full":["https:\/\/lionbags.pl\/wp-content\/uploads\/2024\/05\/tn_case-Bassposaune-Cordura-schwarz_3.jpg",400,277,false],"thumbnail":["https:\/\/lionbags.pl\/wp-content\/uploads\/2024\/05\/tn_case-Bassposaune-Cordura-schwarz_3-150x150.jpg",150,150,true],"medium":["https:\/\/lionbags.pl\/wp-content\/uploads\/2024\/05\/tn_case-Bassposaune-Cordura-schwarz_3-300x208.jpg",300,208,true],"medium_large":["https:\/\/lionbags.pl\/wp-content\/uploads\/2024\/05\/tn_case-Bassposaune-Cordura-schwarz_3.jpg",400,277,false],"large":["https:\/\/lionbags.pl\/wp-content\/uploads\/2024\/05\/tn_case-Bassposaune-Cordura-schwarz_3.jpg",400,277,false],"1536x1536":["https:\/\/lionbags.pl\/wp-content\/uploads\/2024\/05\/tn_case-Bassposaune-Cordura-schwarz_3.jpg",400,277,false],"2048x2048":["https:\/\/lionbags.pl\/wp-content\/uploads\/2024\/05\/tn_case-Bassposaune-Cordura-schwarz_3.jpg",400,277,false],"woocommerce_thumbnail":["https:\/\/lionbags.pl\/wp-content\/uploads\/2024\/05\/tn_case-Bassposaune-Cordura-schwarz_3.jpg",400,277,false],"woocommerce_single":["https:\/\/lionbags.pl\/wp-content\/uploads\/2024\/05\/tn_case-Bassposaune-Cordura-schwarz_3.jpg",400,277,false],"woocommerce_gallery_thumbnail":["https:\/\/lionbags.pl\/wp-content\/uploads\/2024\/05\/tn_case-Bassposaune-Cordura-schwarz_3-100x100.jpg",100,100,true]},"uagb_author_info":{"display_name":"Michalina Sobala","author_link":"https:\/\/lionbags.pl\/en\/author\/"},"uagb_comment_info":0,"uagb_excerpt":null,"_links":{"self":[{"href":"https:\/\/lionbags.pl\/en\/wp-json\/wp\/v2\/product\/2248","targetHints":{"allow":["GET"]}}],"collection":[{"href":"https:\/\/lionbags.pl\/en\/wp-json\/wp\/v2\/product"}],"about":[{"href":"https:\/\/lionbags.pl\/en\/wp-json\/wp\/v2\/types\/product"}],"wp:featuredmedia":[{"embeddable":true,"href":"https:\/\/lionbags.pl\/en\/wp-json\/wp\/v2\/media\/2260"}],"wp:attachment":[{"href":"https:\/\/lionbags.pl\/en\/wp-json\/wp\/v2\/media?parent=2248"}],"wp:term":[{"taxonomy":"product_brand","embeddable":true,"href":"https:\/\/lionbags.pl\/en\/wp-json\/wp\/v2\/product_brand?post=2248"},{"taxonomy":"product_cat","embeddable":true,"href":"https:\/\/lionbags.pl\/en\/wp-json\/wp\/v2\/product_cat?post=2248"},{"taxonomy":"product_tag","embeddable":true,"href":"https:\/\/lionbags.pl\/en\/wp-json\/wp\/v2\/product_tag?post=2248"}],"curies":[{"name":"wp","href":"https:\/\/api.w.org\/{rel}","templated":true}]}}